{"id":2968,"date":"2025-08-26T14:20:06","date_gmt":"2025-08-26T12:20:06","guid":{"rendered":"https:\/\/hotel-in-biograd.com\/privacy\/"},"modified":"2025-09-01T12:42:34","modified_gmt":"2025-09-01T10:42:34","slug":"privacy","status":"publish","type":"page","link":"https:\/\/hotel-in-biograd.com\/hr\/privacy\/","title":{"rendered":"Privacy"},"content":{"rendered":"\t\t<div data-elementor-type=\"wp-page\" data-elementor-id=\"2968\" class=\"elementor elementor-2968 elementor-2253\">\n\t\t\t\t\t\t<section class=\"elementor-section elementor-top-section elementor-element elementor-element-5ac02d5 elementor-section-full_width elementor-section-height-default elementor-section-height-default\" data-id=\"5ac02d5\" data-element_type=\"section\" data-settings=\"{&quot;jet_parallax_layout_list&quot;:[{&quot;_id&quot;:&quot;5aba62&quot;,&quot;jet_parallax_layout_image&quot;:{&quot;url&quot;:&quot;&quot;,&quot;id&quot;:&quot;&quot;,&quot;size&quot;:&quot;&quot;},&quot;jet_parallax_layout_image_tablet&quot;:{&quot;url&quot;:&quot;&quot;,&quot;id&quot;:&quot;&quot;,&quot;size&quot;:&quot;&quot;},&quot;jet_parallax_layout_image_mobile&quot;:{&quot;url&quot;:&quot;&quot;,&quot;id&quot;:&quot;&quot;,&quot;size&quot;:&quot;&quot;},&quot;jet_parallax_layout_speed&quot;:{&quot;unit&quot;:&quot;%&quot;,&quot;size&quot;:50,&quot;sizes&quot;:[]},&quot;jet_parallax_layout_type&quot;:&quot;scroll&quot;,&quot;jet_parallax_layout_direction&quot;:&quot;1&quot;,&quot;jet_parallax_layout_fx_direction&quot;:null,&quot;jet_parallax_layout_z_index&quot;:&quot;&quot;,&quot;jet_parallax_layout_bg_x&quot;:50,&quot;jet_parallax_layout_bg_x_tablet&quot;:&quot;&quot;,&quot;jet_parallax_layout_bg_x_mobile&quot;:&quot;&quot;,&quot;jet_parallax_layout_bg_y&quot;:50,&quot;jet_parallax_layout_bg_y_tablet&quot;:&quot;&quot;,&quot;jet_parallax_layout_bg_y_mobile&quot;:&quot;&quot;,&quot;jet_parallax_layout_bg_size&quot;:&quot;auto&quot;,&quot;jet_parallax_layout_bg_size_tablet&quot;:&quot;&quot;,&quot;jet_parallax_layout_bg_size_mobile&quot;:&quot;&quot;,&quot;jet_parallax_layout_animation_prop&quot;:&quot;transform&quot;,&quot;jet_parallax_layout_on&quot;:[&quot;desktop&quot;,&quot;tablet&quot;]}]}\">\n\t\t\t\t\t\t<div class=\"elementor-container elementor-column-gap-no\">\n\t\t\t\t\t<div class=\"elementor-column elementor-col-100 elementor-top-column elementor-element elementor-element-ca945a5\" data-id=\"ca945a5\" data-element_type=\"column\">\n\t\t\t<div class=\"elementor-widget-wrap elementor-element-populated\">\n\t\t\t\t\t\t<div class=\"elementor-element elementor-element-a016166 elementor-widget elementor-widget-jet-slider\" data-id=\"a016166\" data-element_type=\"widget\" data-settings=\"{&quot;slider_height&quot;:{&quot;unit&quot;:&quot;px&quot;,&quot;size&quot;:&quot;&quot;,&quot;sizes&quot;:[]},&quot;slider_height_mobile&quot;:{&quot;unit&quot;:&quot;px&quot;,&quot;size&quot;:800,&quot;sizes&quot;:[]},&quot;slider_height_tablet&quot;:{&quot;unit&quot;:&quot;px&quot;,&quot;size&quot;:350,&quot;sizes&quot;:[]}}\" data-widget_type=\"jet-slider.default\">\n\t\t\t\t<div class=\"elementor-widget-container\">\n\t\t\t\t\t<div class=\"elementor-jet-slider jet-elements\">\n<div class=\"jet-slider jet-slider__image-exact\" data-settings='{&quot;sliderWidth&quot;:{&quot;unit&quot;:&quot;%&quot;,&quot;size&quot;:100,&quot;sizes&quot;:[]},&quot;sliderHeight&quot;:{&quot;unit&quot;:&quot;px&quot;,&quot;size&quot;:&quot;&quot;,&quot;sizes&quot;:[]},&quot;sliderNavigation&quot;:false,&quot;sliderNavigationIcon&quot;:&quot;jet-slider__arrow-icon-a016166&quot;,&quot;sliderNaviOnHover&quot;:false,&quot;sliderPagination&quot;:false,&quot;sliderAutoplay&quot;:false,&quot;sliderAutoplayDelay&quot;:8000,&quot;sliderAutoplayOnHover&quot;:&quot;pause&quot;,&quot;sliderFullScreen&quot;:false,&quot;sliderFullscreenIcon&quot;:&quot;jet-slider__fullscreen-icon-a016166&quot;,&quot;sliderShuffle&quot;:false,&quot;sliderLoop&quot;:true,&quot;sliderFadeMode&quot;:false,&quot;slideDistance&quot;:{&quot;unit&quot;:&quot;px&quot;,&quot;size&quot;:0,&quot;sizes&quot;:[]},&quot;slideDuration&quot;:500,&quot;imageScaleMode&quot;:&quot;exact&quot;,&quot;thumbnails&quot;:false,&quot;thumbnailWidth&quot;:120,&quot;thumbnailHeight&quot;:80,&quot;rightToLeft&quot;:false,&quot;touchswipe&quot;:false,&quot;fractionPag&quot;:false,&quot;fractionPrefix&quot;:&quot;&quot;,&quot;fractionSeparator&quot;:&quot;\\\/&quot;,&quot;fractionSuffix&quot;:&quot;&quot;,&quot;autoSliderHeight&quot;:false}'>\n\t\n<div  class=\"slider-pro\"><div class=\"jet-slider__arrow-icon-a016166 hidden-html\"><\/div><div class=\"jet-slider__fullscreen-icon-a016166 hidden-html\"><\/div><div class=\"jet-slider__items sp-slides\">\n\n\n<div  class=\"jet-slider__item sp-slide elementor-repeater-item-gh680p3\"><img decoding=\"async\" class=\"sp-image\" src=\"https:\/\/hotel-in-biograd.com\/wp-content\/uploads\/2025\/08\/Hotel-IN_Privacy.jpg\" alt=\"Hotel-IN_Privacy\" loading=\"lazy\"><div class=\"jet-slider__content sp-layer \" data-position=\"centerCenter\" data-width=\"100%\" data-height=\"100%\" data-horizontal=\"0%\" data-show-transition=\"up\" data-show-duration=\"400\" data-show-delay=\"400\" >\n\t\t<div class=\"jet-slider__content-item\">\n\t\t\t<div class=\"jet-slider__content-inner\"><h5 class=\"jet-slider__title\">Sigurno. Jasno. Izravno.  <\/h5><h5 class=\"jet-slider__subtitle\">Pravila privatnosti<\/h5><div class=\"jet-slider__desc\">Za\u0161tita podataka za nas zna\u010di vi\u0161e od same zakonske obveze:<br>ona predstavlja sigurnost, povjerenje i po\u0161tovanje va\u0161ih podataka.\n<\/div>\n\t\t\t\t\t\t<div class=\"jet-slider__button-wrapper\">\t\t\t\t\t\t<\/div><\/div>\n\t\t<\/div>\n\t\t\t<\/div>\n<\/div>\n\n<\/div>\n<\/div>\n<\/div>\n<\/div>\t\t\t\t<\/div>\n\t\t\t\t<\/div>\n\t\t\t\t\t<\/div>\n\t\t<\/div>\n\t\t\t\t\t<\/div>\n\t\t<\/section>\n\t\t<div class=\"elementor-element elementor-element-4d74d58 e-flex e-con-boxed e-con e-parent\" data-id=\"4d74d58\" data-element_type=\"container\" data-settings=\"{&quot;jet_parallax_layout_list&quot;:[]}\">\n\t\t\t\t\t<div class=\"e-con-inner\">\n\t\t\t\t<div class=\"elementor-element elementor-element-49c4226 elementor-widget elementor-widget-spacer\" data-id=\"49c4226\" data-element_type=\"widget\" data-widget_type=\"spacer.default\">\n\t\t\t\t\t\t\t<div class=\"elementor-spacer\">\n\t\t\t<div class=\"elementor-spacer-inner\"><\/div>\n\t\t<\/div>\n\t\t\t\t\t\t<\/div>\n\t\t\t\t<div class=\"elementor-element elementor-element-aff1065 elementor-widget__width-initial elementor-widget elementor-widget-text-editor\" data-id=\"aff1065\" data-element_type=\"widget\" data-widget_type=\"text-editor.default\">\n\t\t\t\t\t\t\t\t\t<p><strong>Izjava o za\u0161titi podataka<\/strong><\/p>\n<p>Odgovorna osoba u smislu zakona o za\u0161titi podataka, posebno Op\u0107e uredbe EU o za\u0161titi podataka (GDPR), jest:<\/p>\n<p>BOCURON GmbH<br>Heilbronner Stra\u00dfe 30<br>D-74223 Flein | Germany<\/p>\n<p>Gesch\u00e4ftsf\u00fchrer \/ CEO: Viktoryia Ammann<br>Registergericht \/ Legal domicile: Amtsgericht Stuttgart<br>Registernummer \/ Commercial Registry: HRB 769737<br>Sitz der Gesellschaft \/ Domicile: 74223 Flein<br>Ust.-Ident.-Nr. \/PDV identifikacijski broj: DE 325349727<\/p>\n<p>Kontaktm\u00f6glichkeiten:<br>Fon <a href=\"tel:0049713112745400\">+49 (0)7131 12745 0<\/a><br>Fax +49 (0)7131 12745 199<br>E-MAIL <a href=\"mailto:datenschutz@bocuron.de\">datenschutz@bocuron.de<\/a><\/p>\n<p>Prava ispitanika<\/p>\n<p>Putem navedenih kontakt podataka na\u0161eg slu\u017ebenika za za\u0161titu podataka mo\u017eete u svakom trenutku ostvariti sljede\u0107a prava:<\/p>\n<p>Informacije o va\u0161im podacima pohranjenima kod nas i njihovoj obradi,<\/p>\n<p>Ispravak neto\u010dnih osobnih podataka, brisanje va\u0161ih podataka pohranjenih kod nas, ograni\u010denje obrade podataka ukoliko ih zbog zakonskih obveza jo\u0161 ne smijemo izbrisati, prigovor na obradu va\u0161ih podataka kod nas te prijenos podataka, ukoliko ste pristali na obradu podataka ili ste s nama sklopili ugovor. Ako ste nam dali privolu, mo\u017eete je u svakom trenutku opozvati s u\u010dinkom za budu\u0107nost. <\/p>\n<p>U svakom se trenutku mo\u017eete obratiti nadle\u017enom nadzornom tijelu sa svojom pritu\u017ebom. Nadle\u017eno nadzorno tijelo odre\u0111uje se prema saveznoj zemlji va\u0161eg prebivali\u0161ta, va\u0161eg radnog mjesta ili navodne povrede. Popis nadzornih tijela (za ne-javni sektor) s adresama mo\u017eete prona\u0107i na: https:\/\/www.bfdi.bund.de\/DE\/Infothek\/Anschriften_Links\/anschriften_links-node.html  <\/p>\n<p>Svrhe obrade podataka od strane voditelja obrade i tre\u0107ih strana<\/p>\n<p>Va\u0161e osobne podatke obra\u0111ujemo samo u svrhe navedene u ovoj izjavi o za\u0161titi podataka. Proslje\u0111ivanje va\u0161ih osobnih podataka tre\u0107im stranama u druge svrhe osim navedenih ne odvija se. Va\u0161e osobne podatke proslje\u0111ujemo tre\u0107im stranama samo ako:<br>dali ste svoju izri\u010ditu privolu, obrada je nu\u017ena za izvr\u0161enje ugovora s vama, obrada je nu\u017ena za ispunjenje zakonske obveze, obrada je nu\u017ena za za\u0161titu legitimnih interesa i ne postoji razlog pretpostaviti da imate prete\u017eni interes vrijedan za\u0161tite da se va\u0161i podaci ne proslje\u0111uju.  <\/p>\n<p>Brisanje odnosno blokiranje podataka<\/p>\n<p>Pridr\u017eavamo se na\u010dela izbjegavanja i minimalizacije podataka. Va\u0161e osobne podatke stoga pohranjujemo samo onoliko dugo koliko je potrebno za ostvarenje ovdje navedenih svrha ili koliko to predvi\u0111aju razli\u010diti zakonski rokovi pohrane. Nakon \u0161to svrha prestane postojati, odnosno po isteku tih rokova, relevantni se podaci rutinski i u skladu sa zakonskim propisima blokiraju ili bri\u0161u.  <\/p>\n<p>Prikupljanje op\u0107ih informacija prilikom posjeta na\u0161oj web stranici<\/p>\n<p>Kada pristupite na\u0161oj web stranici, automatski se putem kola\u010di\u0107a prikupljaju op\u0107e informacije. Te informacije (server log datoteke) uklju\u010duju, primjerice, vrstu web preglednika, kori\u0161teni operativni sustav, naziv domene va\u0161eg internetskog pru\u017eatelja usluga i sli\u010dno. Rije\u010d je isklju\u010divo o informacijama koje ne omogu\u0107uju dono\u0161enje zaklju\u010daka o va\u0161oj osobi.<br>Ove su informacije tehni\u010dki nu\u017ene kako bi se zatra\u017eeni sadr\u017eaji web stranica ispravno prikazali i neizostavno nastaju kori\u0161tenjem interneta. One se posebno obra\u0111uju u sljede\u0107e svrhe:<br>osiguravanje nesmetanog uspostavljanja veze s web stranicom,<br>osiguravanje nesmetanog kori\u0161tenja na\u0161e web stranice,<br>procjena sigurnosti i stabilnosti sustava,<br>kao i u druge administrativne svrhe.<br>Obrada va\u0161ih osobnih podataka temelji se na na\u0161em legitimnom interesu za gore navedene svrhe prikupljanja podataka. Va\u0161e podatke ne koristimo za dono\u0161enje zaklju\u010daka o va\u0161oj osobi. Primatelji podataka su isklju\u010divo odgovorna osoba i, po potrebi, izvr\u0161itelji obrade.     <\/p>\n<p>Anonimne informacije ove vrste po potrebi se statisti\u010dki obra\u0111uju kako bismo optimizirali na\u0161u internetsku stranicu i pripadaju\u0107u tehnologiju. <\/p>\n<p>Cookies<\/p>\n<p>Kao i mnoge druge web stranice, koristimo takozvane \u201ekola\u010di\u0107e\u201c. Kola\u010di\u0107i su male tekstualne datoteke koje web poslu\u017eitelj prenosi na va\u0161 tvrdi disk. Time automatski dobivamo odre\u0111ene podatke, poput IP adrese, kori\u0161tenog preglednika, operativnog sustava i va\u0161e internetske veze.<br>Kola\u010di\u0107i se ne mogu koristiti za pokretanje programa ili prijenos virusa na ra\u010dunalo. Na temelju informacija sadr\u017eanih u kola\u010di\u0107ima mo\u017eemo vam olak\u0161ati navigaciju i omogu\u0107iti ispravan prikaz na\u0161ih web stranica. Podaci koje prikupljamo ni u kojem slu\u010daju se ne proslje\u0111uju tre\u0107im stranama niti se povezuju s osobnim podacima bez va\u0161e privole.<br>Naravno, na\u0161u web stranicu mo\u017eete u osnovi pregledavati i bez kola\u010di\u0107a. Internetski preglednici redovito su postavljeni tako da prihva\u0107aju kola\u010di\u0107e. Op\u0107enito, kori\u0161tenje kola\u010di\u0107a mo\u017eete u svakom trenutku deaktivirati putem postavki va\u0161eg preglednika. Molimo koristite funkcije pomo\u0107i va\u0161eg internetskog preglednika kako biste saznali kako promijeniti te postavke. Imajte na umu da pojedine funkcije na\u0161e web stranice mo\u017eda ne\u0107e ispravno raditi ako deaktivirate kori\u0161tenje kola\u010di\u0107a.          <\/p>\n<p>SSL enkripcija<\/p>\n<p>Kako bismo za\u0161titili sigurnost va\u0161ih podataka tijekom prijenosa, koristimo metode enkripcije u skladu s aktualnim tehni\u010dkim standardima (npr. SSL) putem HTTPS-a.<\/p>\n<p>Kontakt obrazac<\/p>\n<p>Ako nas kontaktirate putem e-po\u0161te ili kontakt obrasca s pitanjima bilo koje vrste, dajete nam svoju dobrovoljnu privolu u svrhu uspostavljanja kontakta. Za to je potrebno navesti valjanu adresu e-po\u0161te. Ona slu\u017ei za povezivanje upita i naknadni odgovor na isti. Davanje dodatnih podataka je opcionalno. Podaci koje navedete bit \u0107e pohranjeni u svrhu obrade upita kao i za mogu\u0107a dodatna pitanja. Nakon \u0161to je va\u0161 upit rije\u0161en, osobni podaci se automatski bri\u0161u.     <\/p>\n<p>Kori\u0161tenje Matomo-a<\/p>\n<p>Ova web stranica koristi Matomo (prije Piwik), softver otvorenog koda za statisti\u010dku analizu posjeta. Matomo koristi tzv. kola\u010di\u0107e, odnosno tekstualne datoteke koje se pohranjuju na va\u0161em ra\u010dunalu i omogu\u0107uju analizu kori\u0161tenja web stranice. Informacije koje kola\u010di\u0107 generira o va\u0161em kori\u0161tenju internetske ponude pohranjuju se na poslu\u017eitelju u Njema\u010dkoj. IP adresa se anonimizira odmah nakon obrade i prije pohrane. Imate mogu\u0107nost sprije\u010diti instalaciju kola\u010di\u0107a promjenom postavki va\u0161eg preglednika. Napominjemo da u tom slu\u010daju neke funkcije ove web stranice mo\u017eda ne\u0107e biti u potpunosti dostupne.     <\/p>\n<p>Mo\u017eete odlu\u010diti ho\u0107e li se u va\u0161em pregledniku pohraniti jedinstveni kola\u010di\u0107 za web analitiku kako bi se vlasniku web stranice omogu\u0107ilo prikupljanje i analiza razli\u010ditih statisti\u010dkih podataka.<\/p>\n<p>Izmjena na\u0161e politike privatnosti<\/p>\n<p>Zadr\u017eavamo pravo prilagoditi ovu izjavu o za\u0161titi podataka kako bi uvijek odgovarala va\u017ee\u0107im zakonskim zahtjevima ili kako bismo u nju unijeli promjene na\u0161ih usluga, npr. prilikom uvo\u0111enja novih usluga. Za va\u0161 ponovni posjet tada vrijedi nova izjava o za\u0161titi podataka. <\/p>\n<p>Pitanja o za\u0161titi podataka<\/p>\n<p>Ako imate pitanja o za\u0161titi podataka, po\u0161aljite nam e-poruku ili se obratite izravno osobi u na\u0161oj organizaciji koja je zadu\u017eena za za\u0161titu podataka:<\/p>\n<p>datenschutz@bocuron.de<\/p>\n<p>Izjava o za\u0161titi podataka izra\u0111ena je pomo\u0107u generatora izjava o za\u0161titi podataka tvrtke activeMind AG.<\/p>\t\t\t\t\t\t\t\t<\/div>\n\t\t\t\t<div class=\"elementor-element elementor-element-34e4cd8 elementor-widget elementor-widget-spacer\" data-id=\"34e4cd8\" data-element_type=\"widget\" data-widget_type=\"spacer.default\">\n\t\t\t\t\t\t\t<div class=\"elementor-spacer\">\n\t\t\t<div class=\"elementor-spacer-inner\"><\/div>\n\t\t<\/div>\n\t\t\t\t\t\t<\/div>\n\t\t\t\t\t<\/div>\n\t\t\t\t<\/div>\n\t\t<div class=\"elementor-element elementor-element-29580ba e-flex e-con-boxed e-con e-parent\" data-id=\"29580ba\" data-element_type=\"container\" data-settings=\"{&quot;jet_parallax_layout_list&quot;:[]}\">\n\t\t\t\t\t<div class=\"e-con-inner\">\n\t\t\t\t<div class=\"elementor-element elementor-element-8fa6d6a elementor-widget elementor-widget-spacer\" data-id=\"8fa6d6a\" data-element_type=\"widget\" data-widget_type=\"spacer.default\">\n\t\t\t\t\t\t\t<div class=\"elementor-spacer\">\n\t\t\t<div class=\"elementor-spacer-inner\"><\/div>\n\t\t<\/div>\n\t\t\t\t\t\t<\/div>\n\t\t\t\t\t<\/div>\n\t\t\t\t<\/div>\n\t\t<div class=\"elementor-element elementor-element-89989f7 e-flex e-con-boxed e-con e-parent\" data-id=\"89989f7\" data-element_type=\"container\" data-settings=\"{&quot;jet_parallax_layout_list&quot;:[]}\">\n\t\t\t\t\t<div class=\"e-con-inner\">\n\t\t\t\t<div class=\"elementor-element elementor-element-4ed2b5a elementor-widget elementor-widget-spacer\" data-id=\"4ed2b5a\" data-element_type=\"widget\" data-widget_type=\"spacer.default\">\n\t\t\t\t\t\t\t<div class=\"elementor-spacer\">\n\t\t\t<div class=\"elementor-spacer-inner\"><\/div>\n\t\t<\/div>\n\t\t\t\t\t\t<\/div>\n\t\t\t\t\t<\/div>\n\t\t\t\t<\/div>\n\t\t\t\t<section class=\"elementor-section elementor-top-section elementor-element elementor-element-2450a52 elementor-section-full_width elementor-section-height-default elementor-section-height-default\" data-id=\"2450a52\" data-element_type=\"section\" data-settings=\"{&quot;jet_parallax_layout_list&quot;:[{&quot;_id&quot;:&quot;521674d&quot;,&quot;jet_parallax_layout_image&quot;:{&quot;url&quot;:&quot;&quot;,&quot;id&quot;:&quot;&quot;,&quot;size&quot;:&quot;&quot;},&quot;jet_parallax_layout_image_tablet&quot;:{&quot;url&quot;:&quot;&quot;,&quot;id&quot;:&quot;&quot;,&quot;size&quot;:&quot;&quot;},&quot;jet_parallax_layout_image_mobile&quot;:{&quot;url&quot;:&quot;&quot;,&quot;id&quot;:&quot;&quot;,&quot;size&quot;:&quot;&quot;},&quot;jet_parallax_layout_speed&quot;:{&quot;unit&quot;:&quot;%&quot;,&quot;size&quot;:50,&quot;sizes&quot;:[]},&quot;jet_parallax_layout_type&quot;:&quot;scroll&quot;,&quot;jet_parallax_layout_direction&quot;:&quot;1&quot;,&quot;jet_parallax_layout_fx_direction&quot;:null,&quot;jet_parallax_layout_z_index&quot;:&quot;&quot;,&quot;jet_parallax_layout_bg_x&quot;:50,&quot;jet_parallax_layout_bg_x_tablet&quot;:&quot;&quot;,&quot;jet_parallax_layout_bg_x_mobile&quot;:&quot;&quot;,&quot;jet_parallax_layout_bg_y&quot;:50,&quot;jet_parallax_layout_bg_y_tablet&quot;:&quot;&quot;,&quot;jet_parallax_layout_bg_y_mobile&quot;:&quot;&quot;,&quot;jet_parallax_layout_bg_size&quot;:&quot;auto&quot;,&quot;jet_parallax_layout_bg_size_tablet&quot;:&quot;&quot;,&quot;jet_parallax_layout_bg_size_mobile&quot;:&quot;&quot;,&quot;jet_parallax_layout_animation_prop&quot;:&quot;transform&quot;,&quot;jet_parallax_layout_on&quot;:[&quot;desktop&quot;,&quot;tablet&quot;]}],&quot;background_background&quot;:&quot;classic&quot;}\">\n\t\t\t\t\t\t\t<div class=\"elementor-background-overlay\"><\/div>\n\t\t\t\t\t\t\t<div class=\"elementor-container elementor-column-gap-default\">\n\t\t\t\t\t<div class=\"elementor-column elementor-col-50 elementor-top-column elementor-element elementor-element-c74c236\" data-id=\"c74c236\" data-element_type=\"column\">\n\t\t\t<div class=\"elementor-widget-wrap elementor-element-populated\">\n\t\t\t\t\t\t<div class=\"elementor-element elementor-element-c5809a4 elementor-widget elementor-widget-spacer\" data-id=\"c5809a4\" data-element_type=\"widget\" data-widget_type=\"spacer.default\">\n\t\t\t\t\t\t\t<div class=\"elementor-spacer\">\n\t\t\t<div class=\"elementor-spacer-inner\"><\/div>\n\t\t<\/div>\n\t\t\t\t\t\t<\/div>\n\t\t\t\t<div class=\"elementor-element elementor-element-6da646d elementor-widget elementor-widget-spacer\" data-id=\"6da646d\" data-element_type=\"widget\" data-widget_type=\"spacer.default\">\n\t\t\t\t\t\t\t<div class=\"elementor-spacer\">\n\t\t\t<div class=\"elementor-spacer-inner\"><\/div>\n\t\t<\/div>\n\t\t\t\t\t\t<\/div>\n\t\t\t\t\t<\/div>\n\t\t<\/div>\n\t\t\t\t<div class=\"elementor-column elementor-col-50 elementor-top-column elementor-element elementor-element-7afe75a\" data-id=\"7afe75a\" data-element_type=\"column\">\n\t\t\t<div class=\"elementor-widget-wrap elementor-element-populated\">\n\t\t\t\t\t\t<div class=\"elementor-element elementor-element-df06079 elementor-widget elementor-widget-heading\" data-id=\"df06079\" data-element_type=\"widget\" data-widget_type=\"heading.default\">\n\t\t\t\t\t<h2 class=\"elementor-heading-title elementor-size-default\">Najam jahti i brodova<\/h2>\t\t\t\t<\/div>\n\t\t\t\t<div class=\"elementor-element elementor-element-4b97ddd elementor-widget elementor-widget-spacer\" data-id=\"4b97ddd\" data-element_type=\"widget\" data-widget_type=\"spacer.default\">\n\t\t\t\t\t\t\t<div class=\"elementor-spacer\">\n\t\t\t<div class=\"elementor-spacer-inner\"><\/div>\n\t\t<\/div>\n\t\t\t\t\t\t<\/div>\n\t\t\t\t<div class=\"elementor-element elementor-element-b6086c4 elementor-align-right elementor-widget elementor-widget-button\" data-id=\"b6086c4\" data-element_type=\"widget\" data-widget_type=\"button.default\">\n\t\t\t\t\t\t\t\t\t\t<a class=\"elementor-button elementor-button-link elementor-size-sm\" href=\"https:\/\/hotel-in-biograd.com\/hr\/najam-brodova\/\">\n\t\t\t\t\t\t<span class=\"elementor-button-content-wrapper\">\n\t\t\t\t\t\t\t\t\t<span class=\"elementor-button-text\">Saznajte vi\u0161e<\/span>\n\t\t\t\t\t<\/span>\n\t\t\t\t\t<\/a>\n\t\t\t\t\t\t\t\t<\/div>\n\t\t\t\t\t<\/div>\n\t\t<\/div>\n\t\t\t\t\t<\/div>\n\t\t<\/section>\n\t\t\t\t<\/div>\n\t\t","protected":false},"excerpt":{"rendered":"<p>Sigurno. Jasno. Izravno. Pravila privatnosti Za\u0161tita podataka za nas zna\u010di vi\u0161e od same zakonske obveze:ona predstavlja sigurnost, povjerenje i po\u0161tovanje va\u0161ih podataka. Izjava o za\u0161titi podataka Odgovorna osoba u smislu zakona o za\u0161titi podataka, posebno Op\u0107e uredbe EU o za\u0161titi podataka (GDPR), jest: BOCURON GmbHHeilbronner Stra\u00dfe 30D-74223 Flein | Germany Gesch\u00e4ftsf\u00fchrer \/ CEO: Viktoryia AmmannRegistergericht [&hellip;]<\/p>\n","protected":false},"author":1,"featured_media":0,"parent":0,"menu_order":9,"comment_status":"closed","ping_status":"closed","template":"elementor_header_footer","meta":{"footnotes":""},"class_list":["post-2968","page","type-page","status-publish","hentry"],"_links":{"self":[{"href":"https:\/\/hotel-in-biograd.com\/hr\/wp-json\/wp\/v2\/pages\/2968","targetHints":{"allow":["GET"]}}],"collection":[{"href":"https:\/\/hotel-in-biograd.com\/hr\/wp-json\/wp\/v2\/pages"}],"about":[{"href":"https:\/\/hotel-in-biograd.com\/hr\/wp-json\/wp\/v2\/types\/page"}],"author":[{"embeddable":true,"href":"https:\/\/hotel-in-biograd.com\/hr\/wp-json\/wp\/v2\/users\/1"}],"replies":[{"embeddable":true,"href":"https:\/\/hotel-in-biograd.com\/hr\/wp-json\/wp\/v2\/comments?post=2968"}],"version-history":[{"count":1,"href":"https:\/\/hotel-in-biograd.com\/hr\/wp-json\/wp\/v2\/pages\/2968\/revisions"}],"predecessor-version":[{"id":2969,"href":"https:\/\/hotel-in-biograd.com\/hr\/wp-json\/wp\/v2\/pages\/2968\/revisions\/2969"}],"wp:attachment":[{"href":"https:\/\/hotel-in-biograd.com\/hr\/wp-json\/wp\/v2\/media?parent=2968"}],"curies":[{"name":"wp","href":"https:\/\/api.w.org\/{rel}","templated":true}]}}